{"id":724,"date":"2019-05-13T10:40:42","date_gmt":"2019-05-13T10:40:42","guid":{"rendered":"https:\/\/maree.edge-themes.com\/?page_id=724"},"modified":"2025-10-08T10:29:55","modified_gmt":"2025-10-08T10:29:55","slug":"gba-homepage-full-slider","status":"publish","type":"page","link":"https:\/\/galatabusinessangels.com\/tr\/","title":{"rendered":"GBA Anasayfa"},"content":{"rendered":"<p>[vc_row full_height=&#8221;yes&#8221; css=&#8221;.vc_custom_1680514705897{padding-top: 0px !important;padding-bottom: 0px !important;background-color: #010326 !important;}&#8221;][vc_column css=&#8221;.vc_custom_1603808680103{padding-top: 0px !important;padding-bottom: 0px !important;}&#8221;][rev_slider_vc alias=&#8221;home-english-slider-1&#8243; enable_paspartu=&#8221;no&#8221;][\/vc_column][\/vc_row][vc_row content_placement=&#8221;middle&#8221; row_content_width=&#8221;grid&#8221;][vc_column offset=&#8221;vc_col-lg-6 vc_col-md-12&#8243;][vc_empty_space height=&#8221;64px&#8221;][vc_single_image image=&#8221;2854&#8243; img_size=&#8221;large&#8221; style=&#8221;vc_box_rounded&#8221;][\/vc_column][vc_column offset=&#8221;vc_col-lg-6 vc_col-md-12&#8243;]<div class=\"edgtf-elements-holder   edgtf-one-column  edgtf-responsive-mode-768 \" ><div class=\"edgtf-eh-item    \"  data-item-class=\"edgtf-eh-custom-4555\" data-1367-1600=\"75px 9% 0px 7%\" data-1025-1366=\"40px 0% 0px 7%\" data-769-1024=\"20px 30% 0px 0%\" data-681-768=\"20px 10% 0px 0%\" data-680=\"20px 0% 0px 0%\">\n\t<div class=\"edgtf-eh-item-inner\">\n\t\t<div class=\"edgtf-eh-item-content edgtf-eh-custom-4555\" style=\"padding: 75px 0% 0px 14%\">\n\t\t\t<div class=\"edgtf-section-title-holder  edgtf-cf-6413 \"  data-item-class=\"edgtf-cf-6413\">\n\t<div class=\"edgtf-st-inner\">\n\t\t\t\t\t<h2 class=\"edgtf-st-title\" >\n\t\t\t\tT\u00fcrkiye\u2019nin \u0130lk Melek Yat\u0131r\u0131m A\u011f\u0131\t\t\t<\/h2>\n\t\t\t\t\t\t\t<p class=\"edgtf-st-text\" >\n\t\t\t\tGalata Business Angels (GBA) olarak potansiyeli en y\u00fcksek giri\u015fimcilerle en deneyimli yat\u0131r\u0131mc\u0131lar\u0131 bulu\u015fturarak ba\u015far\u0131l\u0131 dijital giri\u015fimcilik hikayelerinin \u00e7\u0131kmas\u0131n\u0131 sa\u011flayan T\u00fcrkiye\u2019nin ilk melek yat\u0131r\u0131m a\u011f\u0131y\u0131z. Her sekt\u00f6rde dijital ve yenilik\u00e7i i\u015f fikirlerine yat\u0131r\u0131m yapan, k\u00e2r amac\u0131 g\u00fctmeyen bir dernek olarak faaliyet g\u00f6stermekteyiz.\t\t\t<\/p>\n\t\t\t\t\t<\/div>\n<\/div>\t\t<\/div>\n\t<\/div>\n<\/div><\/div>[\/vc_column][\/vc_row][vc_row][vc_column][vc_empty_space height=&#8221;64px&#8221;][vc_separator border_width=&#8221;3&#8243; el_width=&#8221;70&#8243;][\/vc_column][\/vc_row][vc_row content_placement=&#8221;middle&#8221; row_content_width=&#8221;grid&#8221;][vc_column offset=&#8221;vc_col-lg-6 vc_col-md-12&#8243;][vc_empty_space height=&#8221;64px&#8221;]<div class=\"edgtf-elements-holder   edgtf-one-column  edgtf-responsive-mode-768 \" ><div class=\"edgtf-eh-item    \"  data-item-class=\"edgtf-eh-custom-2575\" data-1367-1600=\"75px 9% 0px 7%\" data-1025-1366=\"40px 0% 0px 7%\" data-769-1024=\"20px 30% 0px 0%\" data-681-768=\"20px 10% 0px 0%\" data-680=\"20px 0% 0px 0%\">\n\t<div class=\"edgtf-eh-item-inner\">\n\t\t<div class=\"edgtf-eh-item-content edgtf-eh-custom-2575\" style=\"padding: 75px 0% 0px 14%\">\n\t\t\t<div class=\"edgtf-section-title-holder  edgtf-cf-1818 \"  data-item-class=\"edgtf-cf-1818\">\n\t<div class=\"edgtf-st-inner\">\n\t\t\t\t\t<h2 class=\"edgtf-st-title\" >\n\t\t\t\tSe\u00e7im Kriterlerimiz\t\t\t<\/h2>\n\t\t\t\t\t\t\t<p class=\"edgtf-st-text\" >\n\t\t\t\tGalata Business Angels olarak m\u00fc\u015fterileri i\u00e7in i\u015f modeli veya \u00fcr\u00fcn\u00fc sayesinde a\u00e7\u0131k bir de\u011fer \u00f6nerisi sa\u011flayabilen, paralelinde de belli bir kullan\u0131c\u0131 say\u0131s\u0131na ula\u015fm\u0131\u015f erken a\u015fama teknoloji \u015firketlerine yat\u0131r\u0131m yap\u0131yoruz. Yat\u0131r\u0131m s\u00fcrecimiz boyunca giri\u015fimlerin b\u00fcy\u00fcme potansiyeli ve stratejilerine, i\u015f modelinin \u00f6l\u00e7eklenebilirli\u011fine, ekibin kalitesine ve kapasitesine, potansiyel ``\u00e7\u0131k\u0131\u015f`` stratejilerine ek olarak geli\u015ftirilebilirlik, rekabet avantaj\u0131 ve odaklan\u0131lan pazar\u0131n hacmini de g\u00f6z \u00f6n\u00fcnde bulunduruyoruz.\t\t\t<\/p>\n\t\t\t\t\t<\/div>\n<\/div>\t\t<\/div>\n\t<\/div>\n<\/div><\/div>[\/vc_column][vc_column offset=&#8221;vc_col-lg-6 vc_col-md-12&#8243;][vc_empty_space height=&#8221;64px&#8221;][vc_single_image image=&#8221;2857&#8243; img_size=&#8221;large&#8221; style=&#8221;vc_box_rounded&#8221;][\/vc_column][\/vc_row][vc_row row_content_width=&#8221;grid&#8221;][vc_column][vc_empty_space][vc_separator border_width=&#8221;3&#8243; el_width=&#8221;70&#8243;][vc_empty_space]<div class=\"edgtf-section-title-holder  edgtf-cf-1426 \" style=\"text-align: center\" data-item-class=\"edgtf-cf-1426\">\n\t<div class=\"edgtf-st-inner\">\n\t\t\t\t\t<h2 class=\"edgtf-st-title\" >\n\t\t\t\tGBA Yat\u0131r\u0131m S\u00fcreci\t\t\t<\/h2>\n\t\t\t\t\t\t\t<\/div>\n<\/div>[vc_empty_space]<div class=\"edgtf-process-holder  edgtf-four-columns edgtf-responsive-1024\">\n    <div class=\"edgtf-process-bg-holder\">\n        <svg xmlns=\"http:\/\/www.w3.org\/2000\/svg\" width=\"1095\" height=\"126\" viewBox=\"0 0 1095.3 126\"><path d=\"M2.3 58c0 0 70 50.4 177 52 101.5 1.5 145.1-20.7 170-31.8 5.9-2.6 38.9-20.5 38.9-20.5 3.8-2.8 72.7-43.4 159.4-43.7s132.1 29.3 162.3 45.4c0 0 26.6 14.5 36.7 19.3 2.9 1.4 64.7 29.3 169.7 30.3s166-46.3 178-50\" style=\"fill:none;stroke-width:2;stroke:#F1CFC6\"\/><\/svg>\n    <\/div>\n\t<div class=\"edgtf-process-inner\">\n\t\t<div class=\"edgtf-process-item \">\n    <div class=\"edgtf-process-circle\"><i class=\"edgtf-icon-font-awesome fa fa-edit edgtf-icon-element\" style=\"color: #f24405\" ><\/i><\/div>\n\t<div class=\"edgtf-pi-content\">\n\t\t\t\t\t<h5 class=\"edgtf-pi-title\" >Ba\u015fvuru<\/h5>\n\t\t\t\t\t\t\t<p class=\"edgtf-pi-text\" style=\"margin-top: 12px\">Ba\u015fvuruyu Gust platformu \u00fczerinden ger\u00e7ekle\u015ftirirsiniz.<\/p>\n\t\t\t<\/div>\n<\/div><div class=\"edgtf-process-item \">\n    <div class=\"edgtf-process-circle\"><i class=\"edgtf-icon-font-awesome fa fa-users edgtf-icon-element\" style=\"color: #f24405\" ><\/i><\/div>\n\t<div class=\"edgtf-pi-content\">\n\t\t\t\t\t<h5 class=\"edgtf-pi-title\" >\u00d6n G\u00f6r\u00fc\u015fme<\/h5>\n\t\t\t\t\t\t\t<p class=\"edgtf-pi-text\" style=\"margin-top: 12px\">GBA ekibi ile ger\u00e7ekle\u015ftirece\u011finiz bu a\u015famada ekibiniz ile birlikte i\u015f fikrinizi sunars\u0131n\u0131z.<\/p>\n\t\t\t<\/div>\n<\/div><div class=\"edgtf-process-item \">\n    <div class=\"edgtf-process-circle\"><i class=\"edgtf-icon-font-awesome fa fa-handshake edgtf-icon-element\" style=\"color: #f24405\" ><\/i><\/div>\n\t<div class=\"edgtf-pi-content\">\n\t\t\t\t\t<h5 class=\"edgtf-pi-title\" >\u0130lk Mentor G\u00f6r\u00fc\u015fmesi<\/h5>\n\t\t\t\t\t\t\t<p class=\"edgtf-pi-text\" style=\"margin-top: 12px\">\u0130\u015finize ve\/veya sekt\u00f6r\u00fcn\u00fcze ilgi duyan yat\u0131r\u0131mc\u0131(lar)\u0131m\u0131zla bir mentorl\u00fck g\u00f6r\u00fc\u015fmesi ger\u00e7ekle\u015ftirirsiniz.<\/p>\n\t\t\t<\/div>\n<\/div><div class=\"edgtf-process-item \">\n    <div class=\"edgtf-process-circle\"><i class=\"edgtf-icon-font-awesome fa fa-hand-holding-usd edgtf-icon-element\" style=\"color: #f24405\" ><\/i><\/div>\n\t<div class=\"edgtf-pi-content\">\n\t\t\t\t\t<h5 class=\"edgtf-pi-title\" >Venture Academy<\/h5>\n\t\t\t\t\t\t\t<p class=\"edgtf-pi-text\" style=\"margin-top: 12px\">GBA a\u011f\u0131ndaki b\u00fct\u00fcn yat\u0131r\u0131mc\u0131lar\u0131m\u0131z\u0131n kar\u015f\u0131s\u0131na se\u00e7ti\u011fimiz giri\u015fimleri \u00e7\u0131kartt\u0131\u011f\u0131m\u0131z VA etkinli\u011finde, yat\u0131r\u0131mc\u0131lar\u0131m\u0131zla tan\u0131\u015fma, onlara sunum yapma ve sorular\u0131n\u0131 yan\u0131tlama f\u0131rsat\u0131 elde edersiniz.<\/p>\n\t\t\t<\/div>\n<\/div>\t<\/div>\n<\/div>[vc_empty_space height=&#8221;64px&#8221;][\/vc_column][\/vc_row][vc_row content_text_aligment=&#8221;center&#8221; css=&#8221;.vc_custom_1603524613844{background-color: #010326 !important;background-position: center !important;background-repeat: no-repeat !important;background-size: cover !important;}&#8221;][vc_column width=&#8221;1\/6&#8243;][\/vc_column][vc_column width=&#8221;2\/3&#8243;][vc_row_inner][vc_column_inner]<div class=\"edgtf-elements-holder   edgtf-one-column  edgtf-responsive-mode-768 \" ><div class=\"edgtf-eh-item    \"  data-item-class=\"edgtf-eh-custom-1371\" data-1367-1600=\"64px 6% 64px 6%\" data-1025-1366=\"64px 4% 64px 4%\" data-681-768=\"114px 6% 119px 6%\" data-680=\"115px 15px 174px 15px\">\n\t<div class=\"edgtf-eh-item-inner\">\n\t\t<div class=\"edgtf-eh-item-content edgtf-eh-custom-1371\" style=\"padding: 114px 16% 119px 16%\">\n\t\t\t<div class=\"edgtf-section-title-holder  edgtf-cf-8364 \"  data-item-class=\"edgtf-cf-8364\">\n\t<div class=\"edgtf-st-inner\">\n\t\t\t\t\t<h2 class=\"edgtf-st-title\" style=\"color: #ffffff\">\n\t\t\t\tYat\u0131r\u0131ma \u0130htiyac\u0131n\u0131z m\u0131 Var?\t\t\t<\/h2>\n\t\t\t\t\t\t\t<p class=\"edgtf-st-text\" style=\"color: #f2f2f2;font-size: 20px;line-height: 30px;font-weight: 300;margin-top: 23px\">\n\t\t\t\tE\u011fer yat\u0131r\u0131m s\u00fcre\u00e7lerimize dahil olmak istersen, buradan GBA'ya ba\u015fvuru yapabilirsiniz\t\t\t<\/p>\n\t\t\t\t\t<\/div>\n<\/div>[vc_empty_space height=&#8221;37px&#8221;]<a itemprop=\"url\" href=\"https:\/\/docs.google.com\/forms\/d\/e\/1FAIpQLSev2cZqeW0e_y2msK3hwdgRHVNli3DNDK70QYAci6RiMs4WTQ\/viewform?usp=dialog%20\" target=\"_blank\" style=\"color: #ffffff;padding: 17px 70px 17px 70px\" class=\"edgtf-btn edgtf-btn-medium edgtf-btn-solid edgtf-btn-direction-animation\" rel=\"nofollow noopener\">\n    <span class=\"edgtf-btn-text\">\u015eimdi Ba\u015fvur<\/span>\n                        <span class=\"edgtf-btn-background-holder\">\n            <span class=\"edgtf-btn-background\"><\/span>\n        <\/span>\n            <\/a>\t\t<\/div>\n\t<\/div>\n<\/div><\/div>[\/vc_column_inner][\/vc_row_inner][\/vc_column][vc_column width=&#8221;1\/6&#8243;][\/vc_column][\/vc_row][vc_row disable_element=&#8221;yes&#8221; row_content_width=&#8221;grid&#8221;][vc_column][vc_empty_space height=&#8221;64px&#8221;]<div class=\"edgtf-blog-list-holder edgtf-grid-list edgtf-bl-standard edgtf-three-columns edgtf-disable-bottom-space edgtf-normal-space edgtf-bl-pag-no-pagination\"  data-type=standard data-number-of-posts=3 data-number-of-columns=three data-orderby=date data-order=ASC data-image-size=maree_edge_image_square data-title-tag=h4 data-excerpt-length=30 data-post-info-section=yes data-post-info-image=yes data-post-info-author=yes data-post-info-date=no data-post-info-category=yes data-post-info-comments=no data-post-info-like=no data-post-info-share=no data-pagination-type=no-pagination data-max-num-pages=3 data-next-page=2>\n\t<div class=\"edgtf-bl-wrapper edgtf-outer-space\">\n\t\t<ul class=\"edgtf-blog-list\">\n\t\t\t<li class=\"edgtf-bl-item edgtf-item-space\">\n\t<div class=\"edgtf-bli-inner\">\n\t\t\n\t<div class=\"edgtf-post-image\">\n\t\t\t\t\t<a itemprop=\"url\" href=\"https:\/\/galatabusinessangels.com\/tr\/userguiding-her-kullanicinin-bir-rehbere-ihtiyaci-vardir\/\" title=\"Userguiding: Her Kullan\u0131c\u0131n\u0131n Bir Rehbere \u0130htiyac\u0131 Vard\u0131r\">\n\t\t\t\t\t<img width=\"591\" height=\"591\" src=\"https:\/\/galatabusinessangels.com\/wp-content\/uploads\/2020\/12\/userguiding-1-e1609258696381-blackwhite.png\" class=\"attachment-maree_edge_image_square size-maree_edge_image_square wp-post-image\" alt=\"\" decoding=\"async\" loading=\"lazy\" srcset=\"https:\/\/galatabusinessangels.com\/wp-content\/uploads\/2020\/12\/userguiding-1-e1609258696381-blackwhite.png 591w, https:\/\/galatabusinessangels.com\/wp-content\/uploads\/2020\/12\/userguiding-1-e1609258696381-blackwhite-300x300.png 300w, https:\/\/galatabusinessangels.com\/wp-content\/uploads\/2020\/12\/userguiding-1-e1609258696381-blackwhite-150x150.png 150w\" sizes=\"(max-width: 591px) 100vw, 591px\" title=\"\">\t\t\t\t\t<\/a>\n\t\t\t\t\t<\/div>\n        <div class=\"edgtf-bli-content\">\n\n            \n<h4 itemprop=\"name\" class=\"entry-title edgtf-post-title\" >\n            <a itemprop=\"url\" href=\"https:\/\/galatabusinessangels.com\/tr\/userguiding-her-kullanicinin-bir-rehbere-ihtiyaci-vardir\/\" title=\"Userguiding: Her Kullan\u0131c\u0131n\u0131n Bir Rehbere \u0130htiyac\u0131 Vard\u0131r\">\n            Userguiding: Her Kullan\u0131c\u0131n\u0131n Bir Rehbere \u0130htiyac\u0131 Vard\u0131r            <\/a>\n    <\/h4>\n                            <div class=\"edgtf-bli-info\">\n\t                <div class=\"edgtf-post-info-author\">\n    <span class=\"edgtf-post-info-author-text\">\n        By    <\/span>\n    <a itemprop=\"author\" class=\"edgtf-post-info-author-link\" href=\"https:\/\/galatabusinessangels.com\/tr\/author\/gba-admin\/\">\n        GBA Team    <\/a>\n<\/div><div class=\"edgtf-post-info-category\">\n    <a href=\"https:\/\/galatabusinessangels.com\/tr\/kategori\/roportaj\/\" rel=\"category tag\">R\u00f6portaj<\/a><\/div>                <\/div>\n            \t\n\t        <div class=\"edgtf-bli-excerpt\">\n\t\t        \t\t<div class=\"edgtf-post-excerpt-holder\">\n\t\t\t<p itemprop=\"description\" class=\"edgtf-post-excerpt\">\n\t\t\t\tSeni \u00f6ncelikle tan\u0131yabilir miyiz?\r\nBen Osman Ko\u00e7, UserGuiding\u2019in kurucu orta\u011f\u0131y\u0131m. \u015eirketteki sat\u0131\u015f, m\u00fc\u015fteri geli\u015ftirme ve finans konular\u0131 ile ilgileniyorum. 27 ya\u015f\u0131nday\u0131m. Bo\u011fazi\u00e7i \u00dcniversitesi \u0130\u015fletme B\u00f6l\u00fcm\u00fc mezunuyum. UserGuiding bizim ilk \u00fcr\u00fcn\u00fcm\u00fcz. UserGuiding\t\t\t<\/p>\n\t\t<\/div>\n\t\t        <\/div>\n                    <\/div>\n\t<\/div>\n<\/li><li class=\"edgtf-bl-item edgtf-item-space\">\n\t<div class=\"edgtf-bli-inner\">\n\t\t\n\t<div class=\"edgtf-post-image\">\n\t\t\t\t\t<a itemprop=\"url\" href=\"https:\/\/galatabusinessangels.com\/tr\/bir-araba-hikayesine-dogru-garaj-sepeti\/\" title=\"Bir Araba Hikayesine Do\u011fru: Garaj Sepeti\">\n\t\t\t\t\t<img width=\"650\" height=\"650\" src=\"https:\/\/galatabusinessangels.com\/wp-content\/uploads\/2020\/12\/GarajSepeti-scaled-e1609258331630-blackwhite-650x650.jpg\" class=\"attachment-maree_edge_image_square size-maree_edge_image_square wp-post-image\" alt=\"\" decoding=\"async\" loading=\"lazy\" srcset=\"https:\/\/galatabusinessangels.com\/wp-content\/uploads\/2020\/12\/GarajSepeti-scaled-e1609258331630-blackwhite-650x650.jpg 650w, https:\/\/galatabusinessangels.com\/wp-content\/uploads\/2020\/12\/GarajSepeti-scaled-e1609258331630-blackwhite-300x300.jpg 300w, https:\/\/galatabusinessangels.com\/wp-content\/uploads\/2020\/12\/GarajSepeti-scaled-e1609258331630-blackwhite-1024x1024.jpg 1024w, https:\/\/galatabusinessangels.com\/wp-content\/uploads\/2020\/12\/GarajSepeti-scaled-e1609258331630-blackwhite-150x150.jpg 150w, https:\/\/galatabusinessangels.com\/wp-content\/uploads\/2020\/12\/GarajSepeti-scaled-e1609258331630-blackwhite-768x768.jpg 768w, https:\/\/galatabusinessangels.com\/wp-content\/uploads\/2020\/12\/GarajSepeti-scaled-e1609258331630-blackwhite-1300x1300.jpg 1300w, https:\/\/galatabusinessangels.com\/wp-content\/uploads\/2020\/12\/GarajSepeti-scaled-e1609258331630-blackwhite.jpg 1510w\" sizes=\"(max-width: 650px) 100vw, 650px\" title=\"\">\t\t\t\t\t<\/a>\n\t\t\t\t\t<\/div>\n        <div class=\"edgtf-bli-content\">\n\n            \n<h4 itemprop=\"name\" class=\"entry-title edgtf-post-title\" >\n            <a itemprop=\"url\" href=\"https:\/\/galatabusinessangels.com\/tr\/bir-araba-hikayesine-dogru-garaj-sepeti\/\" title=\"Bir Araba Hikayesine Do\u011fru: Garaj Sepeti\">\n            Bir Araba Hikayesine Do\u011fru: Garaj Sepeti            <\/a>\n    <\/h4>\n                            <div class=\"edgtf-bli-info\">\n\t                <div class=\"edgtf-post-info-author\">\n    <span class=\"edgtf-post-info-author-text\">\n        By    <\/span>\n    <a itemprop=\"author\" class=\"edgtf-post-info-author-link\" href=\"https:\/\/galatabusinessangels.com\/tr\/author\/gba-admin\/\">\n        GBA Team    <\/a>\n<\/div><div class=\"edgtf-post-info-category\">\n    <a href=\"https:\/\/galatabusinessangels.com\/tr\/kategori\/roportaj\/\" rel=\"category tag\">R\u00f6portaj<\/a><\/div>                <\/div>\n            \t\n\t        <div class=\"edgtf-bli-excerpt\">\n\t\t        \t\t<div class=\"edgtf-post-excerpt-holder\">\n\t\t\t<p itemprop=\"description\" class=\"edgtf-post-excerpt\">\n\t\t\t\tMehmet, sen giri\u015fimcilik ekosisteminde tan\u0131n\u0131yorsun; ama seni bilmeyenler i\u00e7in, seni tan\u0131yabilir miyiz?\r\nBo\u011fazi\u00e7i \u00dcniversitesi Bilgisayar M\u00fchendisli\u011fi mezunuyum. MBA e\u011fitimine ek olarak Marmara \u00dcniversitesi\u2019nde \u0130leti\u015fim ve \u00d6zye\u011fin \u00dcniversitesi\u2019nde Giri\u015fimcilik y\u00fcksek lisans e\u011fitimleri\t\t\t<\/p>\n\t\t<\/div>\n\t\t        <\/div>\n                    <\/div>\n\t<\/div>\n<\/li><li class=\"edgtf-bl-item edgtf-item-space\">\n\t<div class=\"edgtf-bli-inner\">\n\t\t\n\t<div class=\"edgtf-post-image\">\n\t\t\t\t\t<a itemprop=\"url\" href=\"https:\/\/galatabusinessangels.com\/tr\/denebunu-roportaj\/\" title=\"DENEBUNU!!\">\n\t\t\t\t\t<img width=\"650\" height=\"650\" src=\"https:\/\/galatabusinessangels.com\/wp-content\/uploads\/2020\/12\/Denebunu-e1609262169314-blackwhite-650x650.png\" class=\"attachment-maree_edge_image_square size-maree_edge_image_square wp-post-image\" alt=\"\" decoding=\"async\" loading=\"lazy\" srcset=\"https:\/\/galatabusinessangels.com\/wp-content\/uploads\/2020\/12\/Denebunu-e1609262169314-blackwhite-650x650.png 650w, https:\/\/galatabusinessangels.com\/wp-content\/uploads\/2020\/12\/Denebunu-e1609262169314-blackwhite-300x300.png 300w, https:\/\/galatabusinessangels.com\/wp-content\/uploads\/2020\/12\/Denebunu-e1609262169314-blackwhite-150x150.png 150w, https:\/\/galatabusinessangels.com\/wp-content\/uploads\/2020\/12\/Denebunu-e1609262169314-blackwhite.png 679w\" sizes=\"(max-width: 650px) 100vw, 650px\" title=\"\">\t\t\t\t\t<\/a>\n\t\t\t\t\t<\/div>\n        <div class=\"edgtf-bli-content\">\n\n            \n<h4 itemprop=\"name\" class=\"entry-title edgtf-post-title\" >\n            <a itemprop=\"url\" href=\"https:\/\/galatabusinessangels.com\/tr\/denebunu-roportaj\/\" title=\"DENEBUNU!!\">\n            DENEBUNU!!            <\/a>\n    <\/h4>\n                            <div class=\"edgtf-bli-info\">\n\t                <div class=\"edgtf-post-info-author\">\n    <span class=\"edgtf-post-info-author-text\">\n        By    <\/span>\n    <a itemprop=\"author\" class=\"edgtf-post-info-author-link\" href=\"https:\/\/galatabusinessangels.com\/tr\/author\/gba-admin\/\">\n        GBA Team    <\/a>\n<\/div><div class=\"edgtf-post-info-category\">\n    <a href=\"https:\/\/galatabusinessangels.com\/tr\/kategori\/roportaj\/\" rel=\"category tag\">R\u00f6portaj<\/a><\/div>                <\/div>\n            \t\n\t        <div class=\"edgtf-bli-excerpt\">\n\t\t        \t\t<div class=\"edgtf-post-excerpt-holder\">\n\t\t\t<p itemprop=\"description\" class=\"edgtf-post-excerpt\">\n\t\t\t\tDuygu, kendinden bahsedebilir misin?\r\nBen Ko\u00e7 \u00dcniversitesi i\u015fletme b\u00f6l\u00fcm\u00fcnde okudum. 1. s\u0131n\u0131fta okurken bir otelde \u00e7al\u0131\u015ft\u0131m, 2. s\u0131n\u0131fta H\u0131zl\u0131 T\u00fcketim Mallar\u0131 (FMCG) d\u00fcnyas\u0131na girdim ve Fritolay\u2019 de staj yapt\u0131m. Daha sonra\t\t\t<\/p>\n\t\t<\/div>\n\t\t        <\/div>\n                    <\/div>\n\t<\/div>\n<\/li>\t\t<\/ul>\n\t<\/div>\n\t<\/div>[vc_empty_space height=&#8221;64px&#8221;][\/vc_column][\/vc_row]<\/p>","protected":false},"excerpt":{"rendered":"<p>[vc_row full_height=&#8221;yes&#8221; css=&#8221;.vc_custom_1680514705897{padding-top: 0px !important;padding-bottom: 0px !important;background-color: #010326 !important;}&#8221;][vc_column css=&#8221;.vc_custom_1603808680103{padding-top: 0px !important;padding-bottom: 0px !important;}&#8221;][rev_slider_vc alias=&#8221;home-english-slider-1&#8243; enable_paspartu=&#8221;no&#8221;][\/vc_column][\/vc_row][vc_row content_placement=&#8221;middle&#8221; row_content_width=&#8221;grid&#8221;][vc_column offset=&#8221;vc_col-lg-6 vc_col-md-12&#8243;][vc_empty_space height=&#8221;64px&#8221;][vc_single_image image=&#8221;2854&#8243; img_size=&#8221;large&#8221; style=&#8221;vc_box_rounded&#8221;][\/vc_column][vc_column offset=&#8221;vc_col-lg-6 vc_col-md-12&#8243;][\/vc_column][\/vc_row][vc_row][vc_column][vc_empty_space height=&#8221;64px&#8221;][vc_separator border_width=&#8221;3&#8243; el_width=&#8221;70&#8243;][\/vc_column][\/vc_row][vc_row content_placement=&#8221;middle&#8221; row_content_width=&#8221;grid&#8221;][vc_column offset=&#8221;vc_col-lg-6 vc_col-md-12&#8243;][vc_empty_space height=&#8221;64px&#8221;][\/vc_column][vc_column offset=&#8221;vc_col-lg-6 vc_col-md-12&#8243;][vc_empty_space height=&#8221;64px&#8221;][vc_single_image image=&#8221;2857&#8243; img_size=&#8221;large&#8221; style=&#8221;vc_box_rounded&#8221;][\/vc_column][\/vc_row][vc_row [&hellip;]<\/p>\n","protected":false},"author":1,"featured_media":0,"parent":0,"menu_order":0,"comment_status":"closed","ping_status":"closed","template":"full-width.php","meta":[],"_links":{"self":[{"href":"https:\/\/galatabusinessangels.com\/tr\/wp-json\/wp\/v2\/pages\/724"}],"collection":[{"href":"https:\/\/galatabusinessangels.com\/tr\/wp-json\/wp\/v2\/pages"}],"about":[{"href":"https:\/\/galatabusinessangels.com\/tr\/wp-json\/wp\/v2\/types\/page"}],"author":[{"embeddable":true,"href":"https:\/\/galatabusinessangels.com\/tr\/wp-json\/wp\/v2\/users\/1"}],"replies":[{"embeddable":true,"href":"https:\/\/galatabusinessangels.com\/tr\/wp-json\/wp\/v2\/comments?post=724"}],"version-history":[{"count":5,"href":"https:\/\/galatabusinessangels.com\/tr\/wp-json\/wp\/v2\/pages\/724\/revisions"}],"predecessor-version":[{"id":3278,"href":"https:\/\/galatabusinessangels.com\/tr\/wp-json\/wp\/v2\/pages\/724\/revisions\/3278"}],"wp:attachment":[{"href":"https:\/\/galatabusinessangels.com\/tr\/wp-json\/wp\/v2\/media?parent=724"}],"curies":[{"name":"wp","href":"https:\/\/api.w.org\/{rel}","templated":true}]}}