{"id":440,"date":"2019-05-09T13:44:47","date_gmt":"2019-05-09T13:44:47","guid":{"rendered":"https:\/\/maree.edge-themes.com\/?page_id=440"},"modified":"2020-10-28T13:28:02","modified_gmt":"2020-10-28T13:28:02","slug":"about-us","status":"publish","type":"page","link":"https:\/\/galatabusinessangels.com\/tr\/about-us\/","title":{"rendered":"About Us"},"content":{"rendered":"<p>[vc_row][vc_column][vc_empty_space height=&#8221;64px&#8221;][\/vc_column][\/vc_row][vc_row row_content_width=&#8221;grid&#8221;][vc_column offset=&#8221;vc_col-lg-6 vc_col-md-12&#8243;][edgtf_single_image enable_image_shadow=&#8221;no&#8221; image=&#8221;1334&#8243; image_size=&#8221;full&#8221;][\/vc_column][vc_column offset=&#8221;vc_col-lg-6 vc_col-md-12&#8243;]<div class=\"edgtf-elements-holder   edgtf-one-column  edgtf-responsive-mode-768 \" ><div class=\"edgtf-eh-item    \"  data-item-class=\"edgtf-eh-custom-3154\" data-1367-1600=\"75px 9% 0px 7%\" data-1025-1366=\"40px 0% 0px 7%\" data-769-1024=\"20px 30% 0px 0%\" data-681-768=\"20px 10% 0px 0%\" data-680=\"20px 0% 0px 0%\">\n\t<div class=\"edgtf-eh-item-inner\">\n\t\t<div class=\"edgtf-eh-item-content edgtf-eh-custom-3154\" style=\"padding: 75px 0% 0px 14%\">\n\t\t\t<div class=\"edgtf-section-title-holder  edgtf-cf-4912 \"  data-item-class=\"edgtf-cf-4912\">\n\t<div class=\"edgtf-st-inner\">\n\t\t\t\t\t<h2 class=\"edgtf-st-title\" >\n\t\t\t\tT\u00fcrkiye\u2019nin ilk melek yat\u0131r\u0131m a\u011f\u0131\t\t\t<\/h2>\n\t\t\t\t\t\t\t<p class=\"edgtf-st-text\" >\n\t\t\t\tGalata Business Angels (GBA) olarak potansiyeli en y\u00fcksek giri\u015fimcilerle en deneyimli yat\u0131r\u0131mc\u0131lar\u0131 bulu\u015fturarak ba\u015far\u0131l\u0131 dijital giri\u015fimcilik hikayelerinin \u00e7\u0131kmas\u0131n\u0131 sa\u011flayan T\u00fcrkiye\u2019nin ilk melek yat\u0131r\u0131m a\u011f\u0131y\u0131z. Her sekt\u00f6rde dijital ve yenilik\u00e7i i\u015f fikirlerine yat\u0131r\u0131m yapan, k\u00e2r amac\u0131 g\u00fctmeyen bir dernek olarak faaliyet g\u00f6stermekteyiz.\t\t\t<\/p>\n\t\t\t\t\t\t\t<div class=\"edgtf-st-button\"><a itemprop=\"url\" href=\"#\" target=\"_self\" style=\"margin: 29px 0 0\" class=\"edgtf-btn edgtf-btn-medium edgtf-btn-outline edgtf-btn-direction-animation\"  >    <span class=\"edgtf-btn-text\">read more<\/span>                        <span class=\"edgtf-btn-background-holder\">            <span class=\"edgtf-btn-background\"><\/span>        <\/span>            <\/a><\/div>\n\t\t\t<\/div>\n<\/div>\t\t<\/div>\n\t<\/div>\n<\/div><\/div>[\/vc_column][\/vc_row][vc_row row_content_width=&#8221;grid&#8221; content_text_aligment=&#8221;left&#8221; css=&#8221;.vc_custom_1558956287889{padding-top: 130px !important;}&#8221;][vc_column offset=&#8221;vc_col-lg-4 vc_col-md-12&#8243;][edgtf_icon_with_text type=&#8221;icon-left&#8221; icon_pack=&#8221;font_elegant&#8221; title_tag=&#8221;&#8221; fe_icon=&#8221;icon_heart&#8221; title=&#8221;Sea at dicit dissentiunt&#8221; text=&#8221;Pro cu exerci erroribus, in eos accumsan constituto, alialisci.&#8221; icon_color=&#8221;#c1dece&#8221;][vc_empty_space height=&#8221;20px&#8221;][\/vc_column][vc_column offset=&#8221;vc_col-lg-4 vc_col-md-12&#8243;][edgtf_icon_with_text type=&#8221;icon-left&#8221; icon_pack=&#8221;font_elegant&#8221; title_tag=&#8221;&#8221; fe_icon=&#8221;icon_chat&#8221; title=&#8221;Sea at dicit dissentiunt&#8221; text=&#8221;Pro cu exerci erroribus, in eos accumsan constituto, alialisci.&#8221; icon_color=&#8221;#f8d12d&#8221;][vc_empty_space height=&#8221;20px&#8221;][\/vc_column][vc_column offset=&#8221;vc_col-lg-4 vc_col-md-12&#8243;][edgtf_icon_with_text type=&#8221;icon-left&#8221; icon_pack=&#8221;font_elegant&#8221; title_tag=&#8221;&#8221; fe_icon=&#8221;icon_lightbulb&#8221; title=&#8221;Sea at dicit dissentiunt&#8221; text=&#8221;Pro cu exerci erroribus, in eos accumsan constituto, alialisci.&#8221; icon_color=&#8221;#80465f&#8221;][vc_empty_space height=&#8221;20px&#8221;][\/vc_column][\/vc_row][vc_row row_content_width=&#8221;grid&#8221; content_text_aligment=&#8221;left&#8221; css=&#8221;.vc_custom_1558956294111{padding-bottom: 77px !important;}&#8221;][vc_column offset=&#8221;vc_col-lg-4 vc_col-md-12&#8243;][edgtf_icon_with_text type=&#8221;icon-left&#8221; icon_pack=&#8221;font_elegant&#8221; title_tag=&#8221;&#8221; fe_icon=&#8221;icon_document_alt&#8221; title=&#8221;Sea at dicit dissentiunt&#8221; text=&#8221;Pro cu exerci erroribus, in eos accumsan constituto, alialisci.&#8221; icon_color=&#8221;#ffb57e&#8221;][vc_empty_space height=&#8221;20px&#8221;][\/vc_column][vc_column offset=&#8221;vc_col-lg-4 vc_col-md-12&#8243;][edgtf_icon_with_text type=&#8221;icon-left&#8221; icon_pack=&#8221;font_elegant&#8221; title_tag=&#8221;&#8221; fe_icon=&#8221;icon_cloud&#8221; title=&#8221;Sea at dicit dissentiunt&#8221; text=&#8221;Pro cu exerci erroribus, in eos accumsan constituto, alialisci.&#8221; icon_color=&#8221;#b6e7e9&#8243;][vc_empty_space height=&#8221;20px&#8221;][\/vc_column][vc_column offset=&#8221;vc_col-lg-4 vc_col-md-12&#8243;][edgtf_icon_with_text type=&#8221;icon-left&#8221; icon_pack=&#8221;font_elegant&#8221; title_tag=&#8221;&#8221; fe_icon=&#8221;icon_pens&#8221; title=&#8221;Sea at dicit dissentiunt&#8221; text=&#8221;Pro cu exerci erroribus, in eos accumsan constituto, alialisci.&#8221; icon_color=&#8221;#f0cebe&#8221;][vc_empty_space height=&#8221;20px&#8221;][\/vc_column][\/vc_row][vc_row css=&#8221;.vc_custom_1558536119446{padding-top: 72px !important;padding-bottom: 97px !important;background-color: #faf7f1 !important;}&#8221;][vc_column][vc_row_inner][vc_column_inner]<div class=\"edgtf-elements-holder   edgtf-one-column  edgtf-responsive-mode-768 \" ><div class=\"edgtf-eh-item    \"  data-item-class=\"edgtf-eh-custom-6610\" data-680=\"0px 10% 0px 10%\">\n\t<div class=\"edgtf-eh-item-inner\">\n\t\t<div class=\"edgtf-eh-item-content edgtf-eh-custom-6610\" style=\"padding: 0px 0px 0px 0px\">\n\t\t\t<div class=\"edgtf-section-title-holder  edgtf-cf-7609 \" style=\"text-align: center\" data-item-class=\"edgtf-cf-7609\">\n\t<div class=\"edgtf-st-inner\">\n\t\t\t\t\t<h1 class=\"edgtf-st-title\" >\n\t\t\t\tVibes loving <span class=\"edgtf-section-bold-ital\">intro<\/span>\t\t\t<\/h1>\n\t\t\t\t\t\t\t<p class=\"edgtf-st-text\" style=\"font-size: 20px\">\n\t\t\t\tDoming accusata his te. Mel an mollis senserit, cum no justo tamquam.\t\t\t<\/p>\n\t\t\t\t\t<\/div>\n<\/div>\t\t<\/div>\n\t<\/div>\n<\/div><\/div>[\/vc_column_inner][\/vc_row_inner][vc_empty_space height=&#8221;85px&#8221;][vc_row_inner row_content_width=&#8221;grid&#8221;][vc_column_inner offset=&#8221;vc_col-lg-3 vc_col-md-6&#8243;][edgtf_pie_chart title_tag=&#8221;&#8221; title=&#8221;Character design ideas&#8221; text=&#8221;Lorem ipsum dolor sit, conetu adipisc sed be et ore aliqua pleasure itself.&#8221; active_color=&#8221;#f1cfc6&#8243; percent=&#8221;90&#8243;][\/vc_column_inner][vc_column_inner offset=&#8221;vc_col-lg-3 vc_col-md-6&#8243;][edgtf_pie_chart title_tag=&#8221;&#8221; title=&#8221;Illustrated child books&#8221; text=&#8221;Lorem ipsum dolor sit, conetu adipisc sed be et ore aliqua pleasure itself.&#8221; active_color=&#8221;#c1dece&#8221; percent=&#8221;50&#8243;][\/vc_column_inner][vc_column_inner offset=&#8221;vc_col-lg-3 vc_col-md-6&#8243;][edgtf_pie_chart title_tag=&#8221;&#8221; title=&#8221;Handprinted graphics&#8221; text=&#8221;Lorem ipsum dolor sit, conetu adipisc sed be et ore aliqua pleasure itself.&#8221; active_color=&#8221;#f8d12d&#8221; percent=&#8221;70&#8243;][\/vc_column_inner][vc_column_inner offset=&#8221;vc_col-lg-3 vc_col-md-6&#8243;][edgtf_pie_chart title_tag=&#8221;&#8221; title=&#8221;Greeting cards design&#8221; text=&#8221;Lorem ipsum dolor sit, conetu adipisc sed be et ore aliqua pleasure itself.&#8221; active_color=&#8221;#dbd2d2&#8243; percent=&#8221;62&#8243;][\/vc_column_inner][\/vc_row_inner][\/vc_column][\/vc_row][vc_row row_content_width=&#8221;grid&#8221; css=&#8221;.vc_custom_1558536128708{padding-top: 130px !important;padding-bottom: 120px !important;}&#8221;][vc_column]<div class=\"edgtf-clients-grid-holder edgtf-grid-list edgtf-disable-bottom-space edgtf-five-columns edgtf-tiny-space  edgtf-cc-hover-zoom-in\">\n\t<div class=\"edgtf-cg-inner edgtf-outer-space\">\n\t\t[edgtf_clients_carousel_item target=&#8221;_self&#8221; image=&#8221;477&#8243; image_size=&#8221;full&#8221;][\/edgtf_clients_carousel_item][edgtf_clients_carousel_item target=&#8221;_self&#8221; image=&#8221;478&#8243; image_size=&#8221;full&#8221;][\/edgtf_clients_carousel_item][edgtf_clients_carousel_item target=&#8221;_self&#8221; image=&#8221;479&#8243; image_size=&#8221;full&#8221;][\/edgtf_clients_carousel_item][edgtf_clients_carousel_item target=&#8221;_self&#8221; image=&#8221;480&#8243; image_size=&#8221;full&#8221;][\/edgtf_clients_carousel_item][edgtf_clients_carousel_item target=&#8221;_self&#8221; image=&#8221;481&#8243; image_size=&#8221;full&#8221;][\/edgtf_clients_carousel_item]\t<\/div>\n<\/div>[\/vc_column][\/vc_row]<\/p>\n","protected":false},"excerpt":{"rendered":"<p>[vc_row][vc_column][vc_empty_space height=&#8221;64px&#8221;][\/vc_column][\/vc_row][vc_row row_content_width=&#8221;grid&#8221;][vc_column offset=&#8221;vc_col-lg-6 vc_col-md-12&#8243;][edgtf_single_image enable_image_shadow=&#8221;no&#8221; image=&#8221;1334&#8243; image_size=&#8221;full&#8221;][\/vc_column][vc_column offset=&#8221;vc_col-lg-6 vc_col-md-12&#8243;][\/vc_column][\/vc_row][vc_row row_content_width=&#8221;grid&#8221; content_text_aligment=&#8221;left&#8221; css=&#8221;.vc_custom_1558956287889{padding-top: 130px !important;}&#8221;][vc_column offset=&#8221;vc_col-lg-4 vc_col-md-12&#8243;][edgtf_icon_with_text type=&#8221;icon-left&#8221; icon_pack=&#8221;font_elegant&#8221; title_tag=&#8221;&#8221; fe_icon=&#8221;icon_heart&#8221; title=&#8221;Sea at dicit dissentiunt&#8221; text=&#8221;Pro cu exerci erroribus, in eos accumsan constituto, alialisci.&#8221; icon_color=&#8221;#c1dece&#8221;][vc_empty_space height=&#8221;20px&#8221;][\/vc_column][vc_column offset=&#8221;vc_col-lg-4 vc_col-md-12&#8243;][edgtf_icon_with_text type=&#8221;icon-left&#8221; icon_pack=&#8221;font_elegant&#8221; [&hellip;]<\/p>\n","protected":false},"author":1,"featured_media":0,"parent":0,"menu_order":0,"comment_status":"closed","ping_status":"closed","template":"full-width.php","meta":[],"_links":{"self":[{"href":"https:\/\/galatabusinessangels.com\/tr\/wp-json\/wp\/v2\/pages\/440"}],"collection":[{"href":"https:\/\/galatabusinessangels.com\/tr\/wp-json\/wp\/v2\/pages"}],"about":[{"href":"https:\/\/galatabusinessangels.com\/tr\/wp-json\/wp\/v2\/types\/page"}],"author":[{"embeddable":true,"href":"https:\/\/galatabusinessangels.com\/tr\/wp-json\/wp\/v2\/users\/1"}],"replies":[{"embeddable":true,"href":"https:\/\/galatabusinessangels.com\/tr\/wp-json\/wp\/v2\/comments?post=440"}],"version-history":[{"count":0,"href":"https:\/\/galatabusinessangels.com\/tr\/wp-json\/wp\/v2\/pages\/440\/revisions"}],"wp:attachment":[{"href":"https:\/\/galatabusinessangels.com\/tr\/wp-json\/wp\/v2\/media?parent=440"}],"curies":[{"name":"wp","href":"https:\/\/api.w.org\/{rel}","templated":true}]}}