{"id":213,"date":"2019-05-07T15:10:51","date_gmt":"2019-05-07T15:10:51","guid":{"rendered":"https:\/\/maree.edge-themes.com\/?page_id=213"},"modified":"2023-04-03T09:35:58","modified_gmt":"2023-04-03T09:35:58","slug":"blog","status":"publish","type":"page","link":"https:\/\/galatabusinessangels.com\/tr\/blog\/","title":{"rendered":"Blog"},"content":{"rendered":"<p><\/p>\n<p>[vc_row][vc_column][vc_empty_space height=&#8221;64px&#8221;]<div class=\"edgtf-blog-list-holder edgtf-grid-list edgtf-bl-standard edgtf-three-columns  edgtf-normal-space edgtf-bl-pag-load-more\"  data-type=standard data-number-of-posts=6 data-number-of-columns=three data-space-between-items=normal data-orderby=date data-order=ASC data-image-size=maree_edge_image_square data-title-tag=h2 data-excerpt-length=30 data-post-info-section=yes data-post-info-image=yes data-post-info-author=yes data-post-info-date=no data-post-info-category=yes data-post-info-comments=no data-post-info-like=no data-post-info-share=no data-pagination-type=load-more data-max-num-pages=2 data-next-page=2>\n\t<div class=\"edgtf-bl-wrapper edgtf-outer-space\">\n\t\t<ul class=\"edgtf-blog-list\">\n\t\t\t<li class=\"edgtf-bl-item edgtf-item-space\">\n\t<div class=\"edgtf-bli-inner\">\n\t\t\n\t<div class=\"edgtf-post-image\">\n\t\t\t\t\t<a itemprop=\"url\" href=\"https:\/\/galatabusinessangels.com\/tr\/userguiding-her-kullanicinin-bir-rehbere-ihtiyaci-vardir\/\" title=\"Userguiding: Her Kullan\u0131c\u0131n\u0131n Bir Rehbere \u0130htiyac\u0131 Vard\u0131r\">\n\t\t\t\t\t<img width=\"591\" height=\"591\" src=\"https:\/\/galatabusinessangels.com\/wp-content\/uploads\/2020\/12\/userguiding-1-e1609258696381-blackwhite.png\" class=\"attachment-maree_edge_image_square size-maree_edge_image_square wp-post-image\" alt=\"\" decoding=\"async\" loading=\"lazy\" srcset=\"https:\/\/galatabusinessangels.com\/wp-content\/uploads\/2020\/12\/userguiding-1-e1609258696381-blackwhite.png 591w, https:\/\/galatabusinessangels.com\/wp-content\/uploads\/2020\/12\/userguiding-1-e1609258696381-blackwhite-300x300.png 300w, https:\/\/galatabusinessangels.com\/wp-content\/uploads\/2020\/12\/userguiding-1-e1609258696381-blackwhite-150x150.png 150w\" sizes=\"(max-width: 591px) 100vw, 591px\" title=\"\">\t\t\t\t\t<\/a>\n\t\t\t\t\t<\/div>\n        <div class=\"edgtf-bli-content\">\n\n            \n<h2 itemprop=\"name\" class=\"entry-title edgtf-post-title\" >\n            <a itemprop=\"url\" href=\"https:\/\/galatabusinessangels.com\/tr\/userguiding-her-kullanicinin-bir-rehbere-ihtiyaci-vardir\/\" title=\"Userguiding: Her Kullan\u0131c\u0131n\u0131n Bir Rehbere \u0130htiyac\u0131 Vard\u0131r\">\n            Userguiding: Her Kullan\u0131c\u0131n\u0131n Bir Rehbere \u0130htiyac\u0131 Vard\u0131r            <\/a>\n    <\/h2>\n                            <div class=\"edgtf-bli-info\">\n\t                <div class=\"edgtf-post-info-author\">\n    <span class=\"edgtf-post-info-author-text\">\n        By    <\/span>\n    <a itemprop=\"author\" class=\"edgtf-post-info-author-link\" href=\"https:\/\/galatabusinessangels.com\/tr\/author\/gba-admin\/\">\n        GBA Team    <\/a>\n<\/div><div class=\"edgtf-post-info-category\">\n    <a href=\"https:\/\/galatabusinessangels.com\/tr\/kategori\/roportaj\/\" rel=\"category tag\">R\u00f6portaj<\/a><\/div>                <\/div>\n            \t\n\t        <div class=\"edgtf-bli-excerpt\">\n\t\t        \t\t<div class=\"edgtf-post-excerpt-holder\">\n\t\t\t<p itemprop=\"description\" class=\"edgtf-post-excerpt\">\n\t\t\t\tSeni \u00f6ncelikle tan\u0131yabilir miyiz?\r\nBen Osman Ko\u00e7, UserGuiding\u2019in kurucu orta\u011f\u0131y\u0131m. \u015eirketteki sat\u0131\u015f, m\u00fc\u015fteri geli\u015ftirme ve finans konular\u0131 ile ilgileniyorum. 27 ya\u015f\u0131nday\u0131m. Bo\u011fazi\u00e7i \u00dcniversitesi \u0130\u015fletme B\u00f6l\u00fcm\u00fc mezunuyum. UserGuiding bizim ilk \u00fcr\u00fcn\u00fcm\u00fcz. UserGuiding\t\t\t<\/p>\n\t\t<\/div>\n\t\t        <\/div>\n                    <\/div>\n\t<\/div>\n<\/li><li class=\"edgtf-bl-item edgtf-item-space\">\n\t<div class=\"edgtf-bli-inner\">\n\t\t\n\t<div class=\"edgtf-post-image\">\n\t\t\t\t\t<a itemprop=\"url\" href=\"https:\/\/galatabusinessangels.com\/tr\/bir-araba-hikayesine-dogru-garaj-sepeti\/\" title=\"Bir Araba Hikayesine Do\u011fru: Garaj Sepeti\">\n\t\t\t\t\t<img width=\"650\" height=\"650\" src=\"https:\/\/galatabusinessangels.com\/wp-content\/uploads\/2020\/12\/GarajSepeti-scaled-e1609258331630-blackwhite-650x650.jpg\" class=\"attachment-maree_edge_image_square size-maree_edge_image_square wp-post-image\" alt=\"\" decoding=\"async\" loading=\"lazy\" srcset=\"https:\/\/galatabusinessangels.com\/wp-content\/uploads\/2020\/12\/GarajSepeti-scaled-e1609258331630-blackwhite-650x650.jpg 650w, https:\/\/galatabusinessangels.com\/wp-content\/uploads\/2020\/12\/GarajSepeti-scaled-e1609258331630-blackwhite-300x300.jpg 300w, https:\/\/galatabusinessangels.com\/wp-content\/uploads\/2020\/12\/GarajSepeti-scaled-e1609258331630-blackwhite-1024x1024.jpg 1024w, https:\/\/galatabusinessangels.com\/wp-content\/uploads\/2020\/12\/GarajSepeti-scaled-e1609258331630-blackwhite-150x150.jpg 150w, https:\/\/galatabusinessangels.com\/wp-content\/uploads\/2020\/12\/GarajSepeti-scaled-e1609258331630-blackwhite-768x768.jpg 768w, https:\/\/galatabusinessangels.com\/wp-content\/uploads\/2020\/12\/GarajSepeti-scaled-e1609258331630-blackwhite-1300x1300.jpg 1300w, https:\/\/galatabusinessangels.com\/wp-content\/uploads\/2020\/12\/GarajSepeti-scaled-e1609258331630-blackwhite.jpg 1510w\" sizes=\"(max-width: 650px) 100vw, 650px\" title=\"\">\t\t\t\t\t<\/a>\n\t\t\t\t\t<\/div>\n        <div class=\"edgtf-bli-content\">\n\n            \n<h2 itemprop=\"name\" class=\"entry-title edgtf-post-title\" >\n            <a itemprop=\"url\" href=\"https:\/\/galatabusinessangels.com\/tr\/bir-araba-hikayesine-dogru-garaj-sepeti\/\" title=\"Bir Araba Hikayesine Do\u011fru: Garaj Sepeti\">\n            Bir Araba Hikayesine Do\u011fru: Garaj Sepeti            <\/a>\n    <\/h2>\n                            <div class=\"edgtf-bli-info\">\n\t                <div class=\"edgtf-post-info-author\">\n    <span class=\"edgtf-post-info-author-text\">\n        By    <\/span>\n    <a itemprop=\"author\" class=\"edgtf-post-info-author-link\" href=\"https:\/\/galatabusinessangels.com\/tr\/author\/gba-admin\/\">\n        GBA Team    <\/a>\n<\/div><div class=\"edgtf-post-info-category\">\n    <a href=\"https:\/\/galatabusinessangels.com\/tr\/kategori\/roportaj\/\" rel=\"category tag\">R\u00f6portaj<\/a><\/div>                <\/div>\n            \t\n\t        <div class=\"edgtf-bli-excerpt\">\n\t\t        \t\t<div class=\"edgtf-post-excerpt-holder\">\n\t\t\t<p itemprop=\"description\" class=\"edgtf-post-excerpt\">\n\t\t\t\tMehmet, sen giri\u015fimcilik ekosisteminde tan\u0131n\u0131yorsun; ama seni bilmeyenler i\u00e7in, seni tan\u0131yabilir miyiz?\r\nBo\u011fazi\u00e7i \u00dcniversitesi Bilgisayar M\u00fchendisli\u011fi mezunuyum. MBA e\u011fitimine ek olarak Marmara \u00dcniversitesi\u2019nde \u0130leti\u015fim ve \u00d6zye\u011fin \u00dcniversitesi\u2019nde Giri\u015fimcilik y\u00fcksek lisans e\u011fitimleri\t\t\t<\/p>\n\t\t<\/div>\n\t\t        <\/div>\n                    <\/div>\n\t<\/div>\n<\/li><li class=\"edgtf-bl-item edgtf-item-space\">\n\t<div class=\"edgtf-bli-inner\">\n\t\t\n\t<div class=\"edgtf-post-image\">\n\t\t\t\t\t<a itemprop=\"url\" href=\"https:\/\/galatabusinessangels.com\/tr\/denebunu-roportaj\/\" title=\"DENEBUNU!!\">\n\t\t\t\t\t<img width=\"650\" height=\"650\" src=\"https:\/\/galatabusinessangels.com\/wp-content\/uploads\/2020\/12\/Denebunu-e1609262169314-blackwhite-650x650.png\" class=\"attachment-maree_edge_image_square size-maree_edge_image_square wp-post-image\" alt=\"\" decoding=\"async\" loading=\"lazy\" srcset=\"https:\/\/galatabusinessangels.com\/wp-content\/uploads\/2020\/12\/Denebunu-e1609262169314-blackwhite-650x650.png 650w, https:\/\/galatabusinessangels.com\/wp-content\/uploads\/2020\/12\/Denebunu-e1609262169314-blackwhite-300x300.png 300w, https:\/\/galatabusinessangels.com\/wp-content\/uploads\/2020\/12\/Denebunu-e1609262169314-blackwhite-150x150.png 150w, https:\/\/galatabusinessangels.com\/wp-content\/uploads\/2020\/12\/Denebunu-e1609262169314-blackwhite.png 679w\" sizes=\"(max-width: 650px) 100vw, 650px\" title=\"\">\t\t\t\t\t<\/a>\n\t\t\t\t\t<\/div>\n        <div class=\"edgtf-bli-content\">\n\n            \n<h2 itemprop=\"name\" class=\"entry-title edgtf-post-title\" >\n            <a itemprop=\"url\" href=\"https:\/\/galatabusinessangels.com\/tr\/denebunu-roportaj\/\" title=\"DENEBUNU!!\">\n            DENEBUNU!!            <\/a>\n    <\/h2>\n                            <div class=\"edgtf-bli-info\">\n\t                <div class=\"edgtf-post-info-author\">\n    <span class=\"edgtf-post-info-author-text\">\n        By    <\/span>\n    <a itemprop=\"author\" class=\"edgtf-post-info-author-link\" href=\"https:\/\/galatabusinessangels.com\/tr\/author\/gba-admin\/\">\n        GBA Team    <\/a>\n<\/div><div class=\"edgtf-post-info-category\">\n    <a href=\"https:\/\/galatabusinessangels.com\/tr\/kategori\/roportaj\/\" rel=\"category tag\">R\u00f6portaj<\/a><\/div>                <\/div>\n            \t\n\t        <div class=\"edgtf-bli-excerpt\">\n\t\t        \t\t<div class=\"edgtf-post-excerpt-holder\">\n\t\t\t<p itemprop=\"description\" class=\"edgtf-post-excerpt\">\n\t\t\t\tDuygu, kendinden bahsedebilir misin?\r\nBen Ko\u00e7 \u00dcniversitesi i\u015fletme b\u00f6l\u00fcm\u00fcnde okudum. 1. s\u0131n\u0131fta okurken bir otelde \u00e7al\u0131\u015ft\u0131m, 2. s\u0131n\u0131fta H\u0131zl\u0131 T\u00fcketim Mallar\u0131 (FMCG) d\u00fcnyas\u0131na girdim ve Fritolay\u2019 de staj yapt\u0131m. Daha sonra\t\t\t<\/p>\n\t\t<\/div>\n\t\t        <\/div>\n                    <\/div>\n\t<\/div>\n<\/li><li class=\"edgtf-bl-item edgtf-item-space\">\n\t<div class=\"edgtf-bli-inner\">\n\t\t\n\t<div class=\"edgtf-post-image\">\n\t\t\t\t\t<a itemprop=\"url\" href=\"https:\/\/galatabusinessangels.com\/tr\/6-bin-yillik-bira-seruveninde-son-durak-pubinno\/\" title=\"6 Bin Y\u0131ll\u0131k Bira Ser\u00fcveninde Son Durak Pubinno\">\n\t\t\t\t\t<img width=\"650\" height=\"650\" src=\"https:\/\/galatabusinessangels.com\/wp-content\/uploads\/2020\/12\/Pubinno-e1609260003805-blackwhite-650x650.png\" class=\"attachment-maree_edge_image_square size-maree_edge_image_square wp-post-image\" alt=\"\" decoding=\"async\" loading=\"lazy\" srcset=\"https:\/\/galatabusinessangels.com\/wp-content\/uploads\/2020\/12\/Pubinno-e1609260003805-blackwhite-650x650.png 650w, https:\/\/galatabusinessangels.com\/wp-content\/uploads\/2020\/12\/Pubinno-e1609260003805-blackwhite-300x300.png 300w, https:\/\/galatabusinessangels.com\/wp-content\/uploads\/2020\/12\/Pubinno-e1609260003805-blackwhite-1024x1024.png 1024w, https:\/\/galatabusinessangels.com\/wp-content\/uploads\/2020\/12\/Pubinno-e1609260003805-blackwhite-150x150.png 150w, https:\/\/galatabusinessangels.com\/wp-content\/uploads\/2020\/12\/Pubinno-e1609260003805-blackwhite-768x768.png 768w, https:\/\/galatabusinessangels.com\/wp-content\/uploads\/2020\/12\/Pubinno-e1609260003805-blackwhite.png 1240w\" sizes=\"(max-width: 650px) 100vw, 650px\" title=\"\">\t\t\t\t\t<\/a>\n\t\t\t\t\t<\/div>\n        <div class=\"edgtf-bli-content\">\n\n            \n<h2 itemprop=\"name\" class=\"entry-title edgtf-post-title\" >\n            <a itemprop=\"url\" href=\"https:\/\/galatabusinessangels.com\/tr\/6-bin-yillik-bira-seruveninde-son-durak-pubinno\/\" title=\"6 Bin Y\u0131ll\u0131k Bira Ser\u00fcveninde Son Durak Pubinno\">\n            6 Bin Y\u0131ll\u0131k Bira Ser\u00fcveninde Son Durak Pubinno            <\/a>\n    <\/h2>\n                            <div class=\"edgtf-bli-info\">\n\t                <div class=\"edgtf-post-info-author\">\n    <span class=\"edgtf-post-info-author-text\">\n        By    <\/span>\n    <a itemprop=\"author\" class=\"edgtf-post-info-author-link\" href=\"https:\/\/galatabusinessangels.com\/tr\/author\/gba-admin\/\">\n        GBA Team    <\/a>\n<\/div><div class=\"edgtf-post-info-category\">\n    <a href=\"https:\/\/galatabusinessangels.com\/tr\/kategori\/roportaj\/\" rel=\"category tag\">R\u00f6portaj<\/a><\/div>                <\/div>\n            \t\n\t        <div class=\"edgtf-bli-excerpt\">\n\t\t        \t\t<div class=\"edgtf-post-excerpt-holder\">\n\t\t\t<p itemprop=\"description\" class=\"edgtf-post-excerpt\">\n\t\t\t\tGiri\u015fimcilik uzun ve me\u015fakkatli bir yol. Her giri\u015fim ayr\u0131 bir hikayeye hayat veriyor ve her giri\u015fimci de ayr\u0131 bir hikaye yaz\u0131yor. Can Alg\u00fcl de Pubinno ile T\u00fcrkiye ba\u015fta olmak \u00fczere\t\t\t<\/p>\n\t\t<\/div>\n\t\t        <\/div>\n                    <\/div>\n\t<\/div>\n<\/li><li class=\"edgtf-bl-item edgtf-item-space\">\n\t<div class=\"edgtf-bli-inner\">\n\t\t\n\t<div class=\"edgtf-post-image\">\n\t\t\t\t\t<a itemprop=\"url\" href=\"https:\/\/galatabusinessangels.com\/tr\/pabbler-yolculugunda-girisimcilik-uzerine\/\" title=\"Pabbler Yolculu\u011funda Giri\u015fimcilik \u00dczerine\">\n\t\t\t\t\t<img width=\"650\" height=\"650\" src=\"https:\/\/galatabusinessangels.com\/wp-content\/uploads\/2020\/12\/Pabbler-e1609260818505-blackwhite-650x650.png\" class=\"attachment-maree_edge_image_square size-maree_edge_image_square wp-post-image\" alt=\"\" decoding=\"async\" loading=\"lazy\" srcset=\"https:\/\/galatabusinessangels.com\/wp-content\/uploads\/2020\/12\/Pabbler-e1609260818505-blackwhite-650x650.png 650w, https:\/\/galatabusinessangels.com\/wp-content\/uploads\/2020\/12\/Pabbler-e1609260818505-blackwhite-300x300.png 300w, https:\/\/galatabusinessangels.com\/wp-content\/uploads\/2020\/12\/Pabbler-e1609260818505-blackwhite-150x150.png 150w, https:\/\/galatabusinessangels.com\/wp-content\/uploads\/2020\/12\/Pabbler-e1609260818505-blackwhite-768x768.png 768w, https:\/\/galatabusinessangels.com\/wp-content\/uploads\/2020\/12\/Pabbler-e1609260818505-blackwhite.png 930w\" sizes=\"(max-width: 650px) 100vw, 650px\" title=\"\">\t\t\t\t\t<\/a>\n\t\t\t\t\t<\/div>\n        <div class=\"edgtf-bli-content\">\n\n            \n<h2 itemprop=\"name\" class=\"entry-title edgtf-post-title\" >\n            <a itemprop=\"url\" href=\"https:\/\/galatabusinessangels.com\/tr\/pabbler-yolculugunda-girisimcilik-uzerine\/\" title=\"Pabbler Yolculu\u011funda Giri\u015fimcilik \u00dczerine\">\n            Pabbler Yolculu\u011funda Giri\u015fimcilik \u00dczerine            <\/a>\n    <\/h2>\n                            <div class=\"edgtf-bli-info\">\n\t                <div class=\"edgtf-post-info-author\">\n    <span class=\"edgtf-post-info-author-text\">\n        By    <\/span>\n    <a itemprop=\"author\" class=\"edgtf-post-info-author-link\" href=\"https:\/\/galatabusinessangels.com\/tr\/author\/gba-admin\/\">\n        GBA Team    <\/a>\n<\/div><div class=\"edgtf-post-info-category\">\n    <a href=\"https:\/\/galatabusinessangels.com\/tr\/kategori\/roportaj\/\" rel=\"category tag\">R\u00f6portaj<\/a><\/div>                <\/div>\n            \t\n\t        <div class=\"edgtf-bli-excerpt\">\n\t\t        \t\t<div class=\"edgtf-post-excerpt-holder\">\n\t\t\t<p itemprop=\"description\" class=\"edgtf-post-excerpt\">\n\t\t\t\tCeren seni biraz tan\u0131yabilir miyiz?\r\n\u00a0\r\n\r\nBen \u0130zmirliyim, Bilkent \u00dcniversitesi ve Hacettepe\u2019de ayn\u0131 anda okudum. Staj yapt\u0131\u011f\u0131m yer \u0130stanbul\u2019da bir pozisyon \u00f6nerince ba\u015flad\u0131 buradaki maceram. Hep \u00e7ok \u00e7al\u0131\u015fmay\u0131 sevdim ve her i\u015fe\t\t\t<\/p>\n\t\t<\/div>\n\t\t        <\/div>\n                    <\/div>\n\t<\/div>\n<\/li><li class=\"edgtf-bl-item edgtf-item-space\">\n\t<div class=\"edgtf-bli-inner\">\n\t\t\n\t<div class=\"edgtf-post-image\">\n\t\t\t\t\t<a itemprop=\"url\" href=\"https:\/\/galatabusinessangels.com\/tr\/zaman-yatirmak-mi-para-yatirmak-mi\/\" title=\"Zaman Yat\u0131rmak m\u0131, Para Yat\u0131rmak m\u0131?\">\n\t\t\t\t\t<img width=\"500\" height=\"500\" src=\"https:\/\/galatabusinessangels.com\/wp-content\/uploads\/2020\/12\/Bulent-celebi-blackwhite.jpg\" class=\"attachment-maree_edge_image_square size-maree_edge_image_square wp-post-image\" alt=\"\" decoding=\"async\" loading=\"lazy\" srcset=\"https:\/\/galatabusinessangels.com\/wp-content\/uploads\/2020\/12\/Bulent-celebi-blackwhite.jpg 500w, https:\/\/galatabusinessangels.com\/wp-content\/uploads\/2020\/12\/Bulent-celebi-blackwhite-300x300.jpg 300w, https:\/\/galatabusinessangels.com\/wp-content\/uploads\/2020\/12\/Bulent-celebi-blackwhite-150x150.jpg 150w\" sizes=\"(max-width: 500px) 100vw, 500px\" title=\"\">\t\t\t\t\t<\/a>\n\t\t\t\t\t<\/div>\n        <div class=\"edgtf-bli-content\">\n\n            \n<h2 itemprop=\"name\" class=\"entry-title edgtf-post-title\" >\n            <a itemprop=\"url\" href=\"https:\/\/galatabusinessangels.com\/tr\/zaman-yatirmak-mi-para-yatirmak-mi\/\" title=\"Zaman Yat\u0131rmak m\u0131, Para Yat\u0131rmak m\u0131?\">\n            Zaman Yat\u0131rmak m\u0131, Para Yat\u0131rmak m\u0131?            <\/a>\n    <\/h2>\n                            <div class=\"edgtf-bli-info\">\n\t                <div class=\"edgtf-post-info-author\">\n    <span class=\"edgtf-post-info-author-text\">\n        By    <\/span>\n    <a itemprop=\"author\" class=\"edgtf-post-info-author-link\" href=\"https:\/\/galatabusinessangels.com\/tr\/author\/gba-admin\/\">\n        GBA Team    <\/a>\n<\/div><div class=\"edgtf-post-info-category\">\n    <a href=\"https:\/\/galatabusinessangels.com\/tr\/kategori\/roportaj\/\" rel=\"category tag\">R\u00f6portaj<\/a><\/div>                <\/div>\n            \t\n\t        <div class=\"edgtf-bli-excerpt\">\n\t\t        \t\t<div class=\"edgtf-post-excerpt-holder\">\n\t\t\t<p itemprop=\"description\" class=\"edgtf-post-excerpt\">\n\t\t\t\t\r\nSiz ABD'den T\u00fcrkiye ye d\u00f6nm\u00fc\u015f bir m\u00fchendis, giri\u015fimci ve yat\u0131r\u0131mc\u0131s\u0131n\u0131z. Bu \u00fc\u00e7 farkl\u0131 kimli\u011finizi de g\u00f6ze alarak Silikon Vadisi\u2019ni Silikon Vadisi yapan bile\u015fenler sizce ne?\u00a0\r\nOran\u0131n ayn\u0131s\u0131n\u0131 yapmak \u00e7ok \u00e7ok zor.\t\t\t<\/p>\n\t\t<\/div>\n\t\t        <\/div>\n                    <\/div>\n\t<\/div>\n<\/li>\t\t<\/ul>\n\t<\/div>\n\t\t<div class=\"edgtf-blog-pag-loading\">\n\t\t<div class=\"edgtf-blog-pag-bounce1\"><\/div>\n\t\t<div class=\"edgtf-blog-pag-bounce2\"><\/div>\n\t\t<div class=\"edgtf-blog-pag-bounce3\"><\/div>\n\t<\/div>\n\t<div class=\"edgtf-blog-pag-load-more\">\n\t\t<a itemprop=\"url\" href=\"#\" target=\"_self\"  class=\"edgtf-btn edgtf-btn-medium edgtf-btn-solid edgtf-btn-direction-animation\"  >    <span class=\"edgtf-btn-text\">Load More<\/span>                        <span class=\"edgtf-btn-background-holder\">            <span class=\"edgtf-btn-background\"><\/span>        <\/span>            <\/a>\t<\/div>\n<\/div>[vc_empty_space height=&#8221;64px&#8221;][\/vc_column][\/vc_row]<\/p>\n<p><\/p>","protected":false},"excerpt":{"rendered":"<p>[vc_row][vc_column][vc_empty_space height=&#8221;64px&#8221;][vc_empty_space height=&#8221;64px&#8221;][\/vc_column][\/vc_row]<\/p>\n","protected":false},"author":1,"featured_media":0,"parent":0,"menu_order":0,"comment_status":"closed","ping_status":"closed","template":"","meta":[],"_links":{"self":[{"href":"https:\/\/galatabusinessangels.com\/tr\/wp-json\/wp\/v2\/pages\/213"}],"collection":[{"href":"https:\/\/galatabusinessangels.com\/tr\/wp-json\/wp\/v2\/pages"}],"about":[{"href":"https:\/\/galatabusinessangels.com\/tr\/wp-json\/wp\/v2\/types\/page"}],"author":[{"embeddable":true,"href":"https:\/\/galatabusinessangels.com\/tr\/wp-json\/wp\/v2\/users\/1"}],"replies":[{"embeddable":true,"href":"https:\/\/galatabusinessangels.com\/tr\/wp-json\/wp\/v2\/comments?post=213"}],"version-history":[{"count":1,"href":"https:\/\/galatabusinessangels.com\/tr\/wp-json\/wp\/v2\/pages\/213\/revisions"}],"predecessor-version":[{"id":3224,"href":"https:\/\/galatabusinessangels.com\/tr\/wp-json\/wp\/v2\/pages\/213\/revisions\/3224"}],"wp:attachment":[{"href":"https:\/\/galatabusinessangels.com\/tr\/wp-json\/wp\/v2\/media?parent=213"}],"curies":[{"name":"wp","href":"https:\/\/api.w.org\/{rel}","templated":true}]}}