{"id":3,"date":"2020-10-09T12:06:45","date_gmt":"2020-10-09T12:06:45","guid":{"rendered":"https:\/\/galatabusinessangels.com\/?page_id=3"},"modified":"2021-03-16T18:11:23","modified_gmt":"2021-03-16T18:11:23","slug":"privacy-policy","status":"publish","type":"page","link":"https:\/\/galatabusinessangels.com\/en\/privacy-policy\/","title":{"rendered":"\u0130nternet Sitesi \u00c7erez Politikas\u0131 ve Ayd\u0131nlatma Metni"},"content":{"rendered":"<p><\/p>\n<p class=\"p2\">Bu \u0130nternet Sitesi \u00c7erez Politikas\u0131 ve Ayd\u0131nlatma Metni (\u201c<b>ayd\u0131nlatma metni<\/b>\u201d) veri sorumlusu s\u0131fat\u0131yla <span class=\"s1\">[<\/span><span class=\"s2\">\uf09f<\/span><span class=\"s1\">]<\/span> (\u201c<b>Galata Business Angels &#8211; GBA<\/b>\u201d) ait internet sitesini (\u201c<b>internet sitesi<\/b>\u201d) ziyaretiniz s\u0131ras\u0131nda internet sitesi \u00fczerinden otomatik olarak i\u015flenecek ki\u015fisel verileriniz hakk\u0131nda 6698 say\u0131l\u0131 Ki\u015fisel Verilerin Korunmas\u0131 Kanunu\u2019na (\u201c<b>Kanun<\/b>\u201d) ve ilgili mevzuata uygun bir bi\u00e7imde ilgili ki\u015fi olarak sizleri bilgilendirmek amac\u0131 ile haz\u0131rlanm\u0131\u015ft\u0131r. \u0130\u015fbu metinde sitemizdeki \u00e7erezlerin kullan\u0131m\u0131na ili\u015fkin a\u00e7\u0131klamalar ve bu \u00e7erezleri nas\u0131l kontrol edebilece\u011finize ili\u015fkin bilgiler bulunmaktad\u0131r.<\/p>\n<p class=\"p2\">\u0130nternet sitesindeki \u00e7erezler yoluyla GBA taraf\u0131ndan i\u015flenen ki\u015fisel verileriniz, internet sitemizden en verimli \u015fekilde faydalanabilmeniz ve kullan\u0131c\u0131 deneyiminizi geli\u015ftirebilmek ama\u00e7lar\u0131yla Kanunun 5\u2019inci maddesinin 2. f\u0131kras\u0131n\u0131n f bendinde yer alan <i>\u201c\u0130lgili ki\u015finin temel hak ve \u00f6zg\u00fcrl\u00fcklerine zarar vermemek kayd\u0131yla, veri sorumlusunun me\u015fru menfaatleri i\u00e7in veri i\u015flenmesinin zorunlu olmas\u0131\u201d<\/i> hukuki sebebine dayanarak i\u015flenmektedir. \u0130\u015flenen ki\u015fisel verileriniz yukar\u0131da belirtilen ama\u00e7lar\u0131n ger\u00e7ekle\u015ftirilmesi ile s\u0131n\u0131rl\u0131 olarak ve mevzuata uygun \u015fekilde ilgili \u00e7erezin hizmetlerini sunan taraflarla payla\u015f\u0131lmaktad\u0131r; ancak kanunen gerekli oldu\u011fu hallerde yetkili kamu kurumlar\u0131yla da payla\u015f\u0131labilir. \u0130\u015fleme ve aktar\u0131ma ili\u015fkin detayl\u0131 bilgilendirmeyi a\u015fa\u011f\u0131daki a\u015fa\u011f\u0131da bulabilirsiniz.<\/p>\n<p class=\"p2\"><b>\u00c7erez Nedir ve Neden Kullan\u0131lmaktad\u0131r?<\/b><\/p>\n<p class=\"p2\">\u00c7erezler, internet sitesini ziyaret ettiniz s\u0131ras\u0131nda taray\u0131c\u0131lar arac\u0131l\u0131\u011f\u0131yla cihaz\u0131n\u0131za veya a\u011f sunucusuna depolanan k\u00fc\u00e7\u00fck metin dosyalar\u0131d\u0131r.<\/p>\n<p class=\"p2\"><b>Kullan\u0131lan \u00c7erezler Nelerdir?<\/b><\/p>\n<p class=\"p2\">\u0130nternet sitesi i\u00e7erisinde <span class=\"s1\"><b>(*)<\/b><\/span> \u00e7erezleri kullan\u0131lmaktad\u0131r.<\/p>\n<p class=\"p2\"><b>Hangi \u00c7erezler Hangi Ama\u00e7larla Kullan\u0131lmaktad\u0131r?<\/b><\/p>\n<table class=\"t1\" cellspacing=\"0\" cellpadding=\"0\">\n<tbody>\n<tr>\n<td class=\"td1\" valign=\"top\">\n<p class=\"p2\"><b>\u00c7EREZ<\/b><\/p>\n<\/td>\n<td class=\"td2\" valign=\"top\">\n<p class=\"p2\"><b>\u0130S\u0130M<\/b><\/p>\n<\/td>\n<td class=\"td3\" valign=\"top\">\n<p class=\"p2\"><b>A\u00c7IKLAMA, S\u00dcRE ve TERC\u0130HLER<\/b><\/p>\n<\/td>\n<\/tr>\n<tr>\n<td class=\"td4\" valign=\"top\">\n<p class=\"p2\"><span class=\"s1\"><b>(*)<\/b><\/span><\/p>\n<\/td>\n<td class=\"td5\" valign=\"top\">\n<p class=\"p2\"><span class=\"s1\"><b>(*)<\/b><\/span><\/p>\n<\/td>\n<td class=\"td6\" valign=\"top\">\n<p class=\"p4\"><b>\u0130nternet sitesini g\u00f6r\u00fcnt\u00fclemek istedi\u011finiz dile ili\u015fkin bilgiyi saklar. (*)<\/b><\/p>\n<p class=\"p2\">Maksimum Tutulan S\u00fcre: <span class=\"s1\">(*)<\/span> G\u00fcn<\/p>\n<p class=\"p2\">Kullan\u0131lan S\u00fcre: <span class=\"s1\">(*)<\/span> G\u00fcn<\/p>\n<p class=\"p2\"><span class=\"s1\">\u00c7erezlerin Kontrol\u00fc: (*)<\/span><\/p>\n<\/td>\n<\/tr>\n<\/tbody>\n<\/table>\n<p class=\"p2\"><b>\u00c7erezlerin Kullan\u0131m\u0131n\u0131 Nas\u0131l Kontrol Edebilirim?<\/b><\/p>\n<p class=\"p2\">Taray\u0131c\u0131n\u0131z\u0131n ayarlar\u0131n\u0131 de\u011fi\u015ftirerek \u00e7erezlere ili\u015fkin tercihlerinizi ki\u015fiselle\u015ftirme imkan\u0131na sahipsiniz.<\/p>\n<table class=\"t1\" cellspacing=\"0\" cellpadding=\"0\">\n<tbody>\n<tr>\n<td class=\"td7\" valign=\"middle\">\n<p class=\"p2\">Google Analytics<\/p>\n<\/td>\n<td class=\"td8\" valign=\"middle\">\n<p class=\"p5\"><span class=\"s3\"><a href=\"https:\/\/tools.google.com\/dlpage\/gaoptout\" rel=\"nofollow noopener\" target=\"_blank\">https:\/\/tools.google.com\/dlpage\/gaoptout<\/a><\/span><\/p>\n<\/td>\n<\/tr>\n<tr>\n<td class=\"td7\" valign=\"middle\">\n<p class=\"p2\">Google Chrome<\/p>\n<\/td>\n<td class=\"td8\" valign=\"middle\">\n<p class=\"p6\"><span class=\"s3\"><a href=\"http:\/\/www.google.com\/support\/chrome\/bin\/answer.py?hl=en&amp;answer=95647\" rel=\"nofollow noopener\" target=\"_blank\">http:\/\/www.google.com\/support\/chrome\/bin\/answer.py?hl=en&amp;answer=95647<\/a><\/span><\/p>\n<\/td>\n<\/tr>\n<tr>\n<td class=\"td9\" valign=\"middle\">\n<p class=\"p2\">Internet Explorer<\/p>\n<\/td>\n<td class=\"td10\" valign=\"middle\">\n<p class=\"p6\"><span class=\"s3\"><a href=\"https:\/\/support.microsoft.com\/en-us\/help\/17442\/windows-internet-explorer-delete-manage-cookies\" rel=\"nofollow noopener\" target=\"_blank\">https:\/\/support.microsoft.com\/en-us\/help\/17442\/windows-internet-explorer-delete-manage-cookies<\/a><\/span><\/p>\n<\/td>\n<\/tr>\n<tr>\n<td class=\"td7\" valign=\"middle\">\n<p class=\"p2\">Mozilla Firefox<\/p>\n<\/td>\n<td class=\"td8\" valign=\"middle\">\n<p class=\"p6\"><span class=\"s3\"><a href=\"http:\/\/support.mozilla.com\/en-US\/kb\/Cookies\" rel=\"nofollow noopener\" target=\"_blank\">http:\/\/support.mozilla.com\/en-US\/kb\/Cookies<\/a><\/span><\/p>\n<\/td>\n<\/tr>\n<tr>\n<td class=\"td7\" valign=\"middle\">\n<p class=\"p2\">Opera<\/p>\n<\/td>\n<td class=\"td8\" valign=\"middle\">\n<p class=\"p6\"><span class=\"s3\"><a href=\"http:\/\/www.opera.com\/browser\/tutorials\/security\/privacy\/\" rel=\"nofollow noopener\" target=\"_blank\">http:\/\/www.opera.com\/browser\/tutorials\/security\/privacy\/<\/a><\/span><\/p>\n<\/td>\n<\/tr>\n<tr>\n<td class=\"td7\" valign=\"middle\">\n<p class=\"p2\">Safari<\/p>\n<\/td>\n<td class=\"td8\" valign=\"middle\">\n<p class=\"p6\"><span class=\"s3\"><a href=\"https:\/\/support.apple.com\/kb\/ph19214?locale=tr_TR\" rel=\"nofollow noopener\" target=\"_blank\">https:\/\/support.apple.com\/kb\/ph19214?locale=tr_TR<\/a><\/span><\/p>\n<\/td>\n<\/tr>\n<\/tbody>\n<\/table>\n<p class=\"p2\"><b>Ki\u015fisel Veri Sahibi (\u0130lgili Ki\u015fi) Olarak Haklar\u0131n\u0131z Nelerdir?<\/b><\/p>\n<p class=\"p2\">Ki\u015fisel veri sahipleri Kanunun \u201cilgili ki\u015finin haklar\u0131n\u0131 d\u00fczenleyen\u201d 11\u2019inci maddesi kapsam\u0131nda a\u015fa\u011f\u0131da listeli haklara sahiptirler:<\/p>\n<ul class=\"ul1\">\n<li class=\"li2\">Ki\u015fisel veri i\u015flenip i\u015flenmedi\u011fini \u00f6\u011frenme,<\/li>\n<li class=\"li2\">Ki\u015fisel verileri i\u015flenmi\u015fse buna ili\u015fkin bilgi talep etme,<\/li>\n<li class=\"li2\">Ki\u015fisel verilerin i\u015flenme amac\u0131n\u0131 ve bunlar\u0131n amac\u0131na uygun kullan\u0131l\u0131p kullan\u0131lmad\u0131\u011f\u0131n\u0131 \u00f6\u011frenme,<\/li>\n<li class=\"li2\">Yurt i\u00e7inde veya yurt d\u0131\u015f\u0131nda ki\u015fisel verilerin aktar\u0131ld\u0131\u011f\u0131 \u00fc\u00e7\u00fcnc\u00fc ki\u015fileri bilme,<span class=\"Apple-converted-space\">\u00a0<\/span><\/li>\n<li class=\"li2\">Ki\u015fisel verilerin eksik veya yanl\u0131\u015f i\u015flenmi\u015f olmas\u0131 h\u00e2linde bunlar\u0131n d\u00fczeltilmesini isteme ve bu kapsamda yap\u0131lan i\u015flemin ki\u015fisel verilerin aktar\u0131ld\u0131\u011f\u0131 \u00fc\u00e7\u00fcnc\u00fc ki\u015filere bildirilmesini isteme,<\/li>\n<li class=\"li2\">Kanun ve ilgili di\u011fer kanun h\u00fck\u00fcmlerine uygun olarak i\u015flenmi\u015f olmas\u0131na ra\u011fmen, i\u015flenmesini gerektiren sebeplerin ortadan kalkmas\u0131 h\u00e2linde ki\u015fisel verilerin silinmesini veya yok edilmesini isteme ve bu kapsamda yap\u0131lan i\u015flemin ki\u015fisel verilerin aktar\u0131ld\u0131\u011f\u0131 \u00fc\u00e7\u00fcnc\u00fc ki\u015filere bildirilmesini isteme,<\/li>\n<li class=\"li2\">\u0130\u015flenen verilerin m\u00fcnhas\u0131ran otomatik sistemler vas\u0131tas\u0131yla analiz edilmesi suretiyle ki\u015finin kendisi aleyhine bir sonucun ortaya \u00e7\u0131kmas\u0131na itiraz etme,<\/li>\n<li class=\"li2\">Ki\u015fisel verilerin kanuna ayk\u0131r\u0131 olarak i\u015flenmesi sebebiyle zarara u\u011framas\u0131 h\u00e2linde zarar\u0131n giderilmesini talep etme.<\/li>\n<\/ul>\n<p class=\"p7\">Listede yer alan hususlara ili\u015fkin t\u00fcm taleplerinizi, Veri Sorumlusuna Ba\u015fvuru Usul ve Esaslar\u0131 Hakk\u0131nda Tebli\u011fe uygun olarak GBA\u2019ya iletebilirsiniz.<\/p>\n<p class=\"p2\">Bu ayd\u0131nlatma metni tarihinde g\u00fcncellenmi\u015f olup, beyan\u0131n GBA taraf\u0131ndan k\u0131smen veya tamamen yenilenmesi halinde y\u00fcr\u00fcrl\u00fck tarihi g\u00fcncellenecek, internet sitesi arac\u0131l\u0131\u011f\u0131 ile ilgili ki\u015filerin eri\u015fimine sunulacakt\u0131r.<\/p>\n<hr \/>\n<p><a href=\"https:\/\/galatabusinessangels.com\/wp-content\/uploads\/2021\/03\/GBA-02-Bas\u0327vuran-Giris\u0327imci-Aydinlatma-Metni.pdf\"><em>Bas\u0327vuran Giris\u0327imci Ayd\u0131nlatma Metni<\/em><\/a><\/p>","protected":false},"excerpt":{"rendered":"<p>Bu \u0130nternet Sitesi \u00c7erez Politikas\u0131 ve Ayd\u0131nlatma Metni (\u201cayd\u0131nlatma metni\u201d) veri sorumlusu s\u0131fat\u0131yla [\uf09f] (\u201cGalata Business Angels &#8211; GBA\u201d) ait internet sitesini (\u201cinternet sitesi\u201d) ziyaretiniz s\u0131ras\u0131nda internet sitesi \u00fczerinden otomatik olarak i\u015flenecek ki\u015fisel verileriniz hakk\u0131nda 6698 say\u0131l\u0131 Ki\u015fisel Verilerin Korunmas\u0131 [&hellip;]<\/p>\n","protected":false},"author":1,"featured_media":0,"parent":0,"menu_order":0,"comment_status":"closed","ping_status":"open","template":"","meta":[],"_links":{"self":[{"href":"https:\/\/galatabusinessangels.com\/en\/wp-json\/wp\/v2\/pages\/3"}],"collection":[{"href":"https:\/\/galatabusinessangels.com\/en\/wp-json\/wp\/v2\/pages"}],"about":[{"href":"https:\/\/galatabusinessangels.com\/en\/wp-json\/wp\/v2\/types\/page"}],"author":[{"embeddable":true,"href":"https:\/\/galatabusinessangels.com\/en\/wp-json\/wp\/v2\/users\/1"}],"replies":[{"embeddable":true,"href":"https:\/\/galatabusinessangels.com\/en\/wp-json\/wp\/v2\/comments?post=3"}],"version-history":[{"count":0,"href":"https:\/\/galatabusinessangels.com\/en\/wp-json\/wp\/v2\/pages\/3\/revisions"}],"wp:attachment":[{"href":"https:\/\/galatabusinessangels.com\/en\/wp-json\/wp\/v2\/media?parent=3"}],"curies":[{"name":"wp","href":"https:\/\/api.w.org\/{rel}","templated":true}]}}