{"id":2799,"date":"2020-10-28T13:31:46","date_gmt":"2020-10-28T13:31:46","guid":{"rendered":"https:\/\/galatabusinessangels.com\/?page_id=2799"},"modified":"2020-11-06T07:51:41","modified_gmt":"2020-11-06T07:51:41","slug":"contact-us","status":"publish","type":"page","link":"https:\/\/galatabusinessangels.com\/en\/contact-us\/","title":{"rendered":"Contact Us"},"content":{"rendered":"<p><\/p>\n<p>[vc_row row_content_width=&#8221;grid&#8221;][vc_column offset=&#8221;vc_col-lg-6 vc_col-md-12&#8243;][vc_empty_space height=&#8221;64px&#8221;][contact-form-7 id=&#8221;806&#8243;][vc_empty_space height=&#8221;64px&#8221;][\/vc_column][vc_column offset=&#8221;vc_col-lg-6 vc_col-md-12&#8243;][vc_empty_space height=&#8221;64px&#8221;]<div class=\"edgtf-elements-holder   edgtf-one-column  edgtf-responsive-mode-768 \" ><div class=\"edgtf-eh-item    \"  data-item-class=\"edgtf-eh-custom-8889\" data-769-1024=\"0px 0px 30px 0px\" data-681-768=\"0px 0px 30px 0px\" data-680=\"0px 0px 30px 0px\">\n\t<div class=\"edgtf-eh-item-inner\">\n\t\t<div class=\"edgtf-eh-item-content edgtf-eh-custom-8889\" style=\"padding: 0px 17% 0px 12%\">\n\t\t\t<div class=\"edgtf-section-title-holder  edgtf-cf-5803 \"  data-item-class=\"edgtf-cf-5803\">\n\t<div class=\"edgtf-st-inner\">\n\t\t\t\t\t<h2 class=\"edgtf-st-title\" >\n\t\t\t\tHey, let\u2019s meet!\t\t\t<\/h2>\n\t\t\t\t\t\t\t<p class=\"edgtf-st-text\" >\n\t\t\t\tGiri\u015fimciler i\u00e7in giri\u015fimciler taraf\u0131ndan kurulan T\u00fcrkiye'nin ilk melek yat\u0131r\u0131m a\u011f\u0131\t\t\t<\/p>\n\t\t\t\t\t<\/div>\n<\/div>[vc_empty_space height=&#8221;20px&#8221;][vc_column_text]Kolektif House Levent | Esentepe Mahallesi, Talatpa\u015fa Caddesi, Harman Soka\u011f\u0131 No:5 &#8211; \u0130stanbul | T\u00fcrkiye[\/vc_column_text][edgtf_icon_list_item icon_pack=&#8221;ion_icons&#8221; ion_icon=&#8221;ion-ios-email&#8221; icon_size=&#8221;15px&#8221; title=&#8221;info@galatabusinessangels.com&#8221; item_margin=&#8221;3px&#8221; title_padding=&#8221;27&#8243; icon_color=&#8221;#f24405&#8243; link=&#8221;mailto:info@galatabusinessangels.com&#8221;][vc_empty_space height=&#8221;64px&#8221;]\t\t<\/div>\n\t<\/div>\n<\/div><\/div>[\/vc_column][\/vc_row]<\/p>\n<p><\/p>","protected":false},"excerpt":{"rendered":"<p>[vc_row row_content_width=&#8221;grid&#8221;][vc_column offset=&#8221;vc_col-lg-6 vc_col-md-12&#8243;][vc_empty_space height=&#8221;64px&#8221;][contact-form-7 id=&#8221;806&#8243;][vc_empty_space height=&#8221;64px&#8221;][\/vc_column][vc_column offset=&#8221;vc_col-lg-6 vc_col-md-12&#8243;][vc_empty_space height=&#8221;64px&#8221;][\/vc_column][\/vc_row]<\/p>\n","protected":false},"author":1,"featured_media":0,"parent":0,"menu_order":0,"comment_status":"closed","ping_status":"closed","template":"full-width.php","meta":[],"_links":{"self":[{"href":"https:\/\/galatabusinessangels.com\/en\/wp-json\/wp\/v2\/pages\/2799"}],"collection":[{"href":"https:\/\/galatabusinessangels.com\/en\/wp-json\/wp\/v2\/pages"}],"about":[{"href":"https:\/\/galatabusinessangels.com\/en\/wp-json\/wp\/v2\/types\/page"}],"author":[{"embeddable":true,"href":"https:\/\/galatabusinessangels.com\/en\/wp-json\/wp\/v2\/users\/1"}],"replies":[{"embeddable":true,"href":"https:\/\/galatabusinessangels.com\/en\/wp-json\/wp\/v2\/comments?post=2799"}],"version-history":[{"count":0,"href":"https:\/\/galatabusinessangels.com\/en\/wp-json\/wp\/v2\/pages\/2799\/revisions"}],"wp:attachment":[{"href":"https:\/\/galatabusinessangels.com\/en\/wp-json\/wp\/v2\/media?parent=2799"}],"curies":[{"name":"wp","href":"https:\/\/api.w.org\/{rel}","templated":true}]}}